{"id":538,"date":"2022-06-20T10:45:26","date_gmt":"2022-06-20T15:45:26","guid":{"rendered":"http:\/\/mtdiabloinsurance.four.zysites.com\/about-us\/"},"modified":"2024-04-19T05:38:52","modified_gmt":"2024-04-19T10:38:52","slug":"about-us","status":"publish","type":"page","link":"https:\/\/www.mtdiabloinsurance.com\/es\/about-us\/","title":{"rendered":"Acerca de nosotros"},"content":{"rendered":"<p>Mt. Diablo Insurance Brokers es una firma de corretaje de seguros independiente de servicio completo ubicada en Lafayette, CA. Fundada en 2006, nuestra agencia est\u00e1 compuesta por personas que aportan muchos a\u00f1os de amplio conocimiento y experiencia en la industria de seguros. Nuestro equipo brinda a nuestros clientes el servicio personalizado de calidad que espera de una peque\u00f1a empresa, junto con la plataforma competitiva y la solidez de una gran corporaci\u00f3n. Nuestra cita directa con la mayor\u00eda de las compa\u00f1\u00edas de seguros mejor calificadas nos brinda la capacidad de brindar una plataforma de seguros competitiva para todos nuestros clientes. Tenemos la capacidad de brindar la mejor cobertura y tarifas para todos nuestros clientes, ya sean una peque\u00f1a empresa o una gran corporaci\u00f3n internacional.<\/p>\n<h2>Mensaje del Presidente<\/h2>\n<p>Gracias por tomarse el tiempo de visitar nuestro sitio web y aprender un poco sobre qui\u00e9nes somos y qu\u00e9 hacemos. Estoy muy orgulloso de nuestra empresa y de los principios comerciales que seguimos cada d\u00eda. Despu\u00e9s de ser el principal productor de una gran firma de corretaje, decid\u00ed que era hora de un cambio, as\u00ed que les compr\u00e9 mi libro en 2006 y abr\u00ed mi propia corredur\u00eda basada en los valores clave que me hicieron exitoso.<\/p>\n<ul>\n<li>Tratar a cada uno de mis clientes como quiero que me traten a m\u00ed.<\/li>\n<li>Comprender las necesidades de mis clientes y convertirme en su asesor de confianza brind\u00e1ndoles asesoramiento experto de calidad.<\/li>\n<li>Recuerde siempre que cada d\u00f3lar cuenta sin importar el tama\u00f1o de la cuenta.<\/li>\n<\/ul>\n<p>He implementado estos valores en nuestro negocio diario y he hecho crecer nuestra<br \/>\nempresa cada a\u00f1o siguiendo esta filosof\u00eda. En los negocios, el tiempo es un bien muy valorado y, teniendo eso en cuenta, ofrecemos cotizaciones competitivas en un corto per\u00edodo de tiempo con un alto grado de profesionalismo. Al brindarle a cada cliente la atenci\u00f3n personalizada y el servicio al cliente que se merece, continuamos ganando negocios para nuestros clientes a\u00f1o tras a\u00f1o.<\/p>\n<p>Para aquellos que actualmente son nuestros clientes, realmente aprecio a cada uno de ustedes, y para aquellos que est\u00e1n interesados en nuestros servicios, agradezco su tiempo y consideraci\u00f3n. No dude en ponerse en contacto conmigo personalmente si tiene alguna pregunta sobre nuestra empresa o si puedo ayudarle de alguna manera.<\/p>\n<p>Atentamente,<\/p>\n<p><strong>Rob Salvo<\/strong><br \/>\n<strong>Presidente<\/strong><br \/>\n<a href=\"tel:9252974070\"><strong>(925) 297-4070<\/strong><\/a><br \/>\n<a href=\"mailto:rob@mtdiabloinsurance.com\">rob@mtdiabloinsurance.com<\/a><\/p>\n","protected":false},"excerpt":{"rendered":"<p>Mt. Diablo Insurance Brokers es una firma de corretaje de seguros independiente de servicio completo ubicada en Lafayette, CA. Fundada en 2006, nuestra agencia est\u00e1 compuesta por personas que aportan muchos a\u00f1os de amplio conocimiento y experiencia en la industria de seguros. Nuestro equipo brinda a nuestros clientes el servicio personalizado de calidad que espera [&hellip;]<\/p>\n","protected":false},"author":35,"featured_media":0,"parent":0,"menu_order":0,"comment_status":"closed","ping_status":"closed","template":"","meta":{"_acf_changed":false,"_seopress_robots_primary_cat":"0","_seopress_titles_title":"","_seopress_titles_desc":"","_seopress_robots_index":"","_analytify_skip_tracking":false,"footnotes":""},"class_list":["post-538","page","type-page","status-publish","hentry"],"acf":[],"_links":{"self":[{"href":"https:\/\/www.mtdiabloinsurance.com\/es\/wp-json\/wp\/v2\/pages\/538","targetHints":{"allow":["GET"]}}],"collection":[{"href":"https:\/\/www.mtdiabloinsurance.com\/es\/wp-json\/wp\/v2\/pages"}],"about":[{"href":"https:\/\/www.mtdiabloinsurance.com\/es\/wp-json\/wp\/v2\/types\/page"}],"author":[{"embeddable":true,"href":"https:\/\/www.mtdiabloinsurance.com\/es\/wp-json\/wp\/v2\/users\/35"}],"replies":[{"embeddable":true,"href":"https:\/\/www.mtdiabloinsurance.com\/es\/wp-json\/wp\/v2\/comments?post=538"}],"version-history":[{"count":0,"href":"https:\/\/www.mtdiabloinsurance.com\/es\/wp-json\/wp\/v2\/pages\/538\/revisions"}],"wp:attachment":[{"href":"https:\/\/www.mtdiabloinsurance.com\/es\/wp-json\/wp\/v2\/media?parent=538"}],"curies":[{"name":"wp","href":"https:\/\/api.w.org\/{rel}","templated":true}]}}